{"id":158214,"date":"2025-06-10T18:28:43","date_gmt":"2025-06-10T16:28:43","guid":{"rendered":"https:\/\/godechot-dev-import.flippad.eu\/?page_id=158214"},"modified":"2026-04-14T12:23:11","modified_gmt":"2026-04-14T11:23:11","slug":"montres","status":"publish","type":"page","link":"https:\/\/www.godechot-pauliet.com\/en\/rolex\/montres\/","title":{"rendered":"Rolex watches in Paris"},"content":{"rendered":"<section class=\"bsp-breadcrumb fixed14 white\">\n    <div class=\"ariane-bsp\" itemscope itemtype=\"https:\/\/schema.org\/BreadcrumbList\">\n        <span class=\"breadcrumb-separator breadcrumb-separator-0\">\u2039<\/span>\n        <span class=\"mb-bc\" itemprop=\"itemListElement\" itemscope=\"\" itemtype=\"https:\/\/schema.org\/ListItem\">\n            <a itemprop=\"item\" href=\"\/en\/rolex\/\"><span itemprop=\"name\">Godechot Pauliet<\/span>\n                <meta itemprop=\"position\" content=\"1\">\n            <\/a>\n        <\/span>\n\n        <span class=\"breadcrumb-separator breadcrumb-separator-1\">\u203a<\/span>\n\n        <span itemprop=\"itemListElement\" itemscope=\"\" itemtype=\"https:\/\/schema.org\/ListItem\">\n            <span itemprop=\"name\">Rolex watches<\/span>\n            <meta itemprop=\"position\" content=\"2\">\n        <\/span>\n    <\/div>\n<\/section>\n\n\n<section class=\"bsp-img fw  bg-bsp-lightbeige\">\n    <div class=\"bsp-img_fw bsp-img_fw-hero\">\n        <picture>\n            <source\n                srcset=\"https:\/\/d29lyl02lvyvgt.cloudfront.net\/bspv7\/collections\/hub\/landscape\/rolex-watches-hub-cover.webp\"\n                media=\"(min-width:769px)\" width=\"1344\" height=\"350\">\n            <source\n                srcset=\"https:\/\/d29lyl02lvyvgt.cloudfront.net\/bspv7\/collections\/hub\/portrait\/rolex-watches-hub-portrait.webp\"\n                media=\"(max-width:768px)\" width=\"780\" height=\"520\">\n            <img decoding=\"async\" class=\"fade-in\" src=\"https:\/\/d29lyl02lvyvgt.cloudfront.net\/bspv7\/collections\/hub\/portrait\/rolex-watches-hub-cover.webp\" alt=\"Rolex watches in Paris - Godechot Pauliet\" loading=\"eager\" title=\"- Godechot Pauliet\">\n        <\/picture>\n    <\/div>\n<\/section>\n\n<section class=\"bsp-pc bg-bsp-lightbeige intro\">\n    <div class=\"bsp-pc_push intro\">\n        <h1 class=\"headline50 mb-20 bold\">\n            Rolex watches at Godechot Pauliet in Paris\n        <\/h1>\n        <div class=\"bsp-pc_push_txt\">\n            <p class=\"body20\"><strong>The Rolex watches featured below are from the official catalogue and do not represent stock availability.<\/strong>\n                <br \/>If you would like to enquire about a particular timepiece, please contact us.\n            <\/p>\n        <\/div>\n    <\/div>\n<\/section>\n<section class=\"bsp-pc bg-bsp-lightbeige bsp-pc_1 pt-0\">\n    <div class=\"bsp-pc_push\">\n        <a href=\"\/en\/rolex\/nouveaux-modeles\/\">\n            <h2 class=\"headline36 pb-20 main-title bold\"> New watches 2026 <\/h2>\n            <picture class=\"pc_fmid\">\n                <source\n                    srcset=\"https:\/\/d29lyl02lvyvgt.cloudfront.net\/bspv7\/watches\/landscape\/rolex-watches-new-watches-2026-the-oyster-perpetual-41m134303-0001-landscape.jpg\"\n                    media=\"(min-width:769px)\">\n                <source\n                    srcset=\"https:\/\/d29lyl02lvyvgt.cloudfront.net\/bspv7\/watches\/portrait\/rolex-watches-new-watches-2026-the-oyster-perpetual-41m134303-0001-portrait.jpg\"\n                    media=\"(max-width:768px)\"> <img decoding=\"async\" class=\"bsp-pc_push_asset\" src=\"https:\/\/d29lyl02lvyvgt.cloudfront.net\/bspv7\/watches\/portrait\/rolex-watches-new-watches-2026-the-oyster-perpetual-41m134303-0001-portrait.jpg\" alt=\"Rolex watches in Paris - Godechot Pauliet\" loading=\"eager\" title=\"- Godechot Pauliet\">\n            <\/picture>\n        <\/a>\n            <div class=\"bsp-pc_push_txtwrapper\">\n            <a href=\"\/en\/rolex\/nouveaux-modeles\/\">\n                <div class=\"fixed16 bold\"> New watches 2026 <\/div>\n                <h3 class=\"headline36 bold\"> Where a new world begins <\/h3>\n            <\/a>\n                <div class=\"fixed14 bold bsp-sec-cta mt-5\">Learn more &gt;<\/div>\n            <\/div> \n    <\/div>\n<\/section>\n<section class=\"bsp-pc bg-bsp-lightbeige bsp-pc_grid pt-0\">\n    <h2 class=\"headline36 pb-20 main-title bold\"> Classic Watches <\/h2>\n        <div class=\"bsp-pc_push\"> <a href=\"\/en\/rolex\/land-dweller\/\">\n            <picture>\n                <source\n                    srcset=\"https:\/\/d29lyl02lvyvgt.cloudfront.net\/bspv7\/collections\/hub\/landscape\/rolex-watches-land-dweller.webp\"\n                    media=\"(min-width:769px)\">\n                <source\n                    srcset=\"https:\/\/d29lyl02lvyvgt.cloudfront.net\/bspv7\/collections\/hub\/portrait\/rolex-watches-land-dweller-portrait.webp\"\n                    media=\"(max-width:768px)\"> <img decoding=\"async\" class=\"bsp-pc_push_asset\" src=\"https:\/\/d29lyl02lvyvgt.cloudfront.net\/bspv7\/collections\/hub\/portrait\/rolex-watches-land-dweller-portrait.webp\" alt=\"Rolex watches in Paris - Godechot Pauliet\" loading=\"lazy\" title=\"- Godechot Pauliet\">\n            <\/picture>\n            <div class=\"bsp-pc_push_txtwrapper\">\n                <div class=\"fixed16 bold\"> Rolex <\/div>\n                <h3 class=\"body24 bold\"> Land-Dweller <\/h3>\n            <\/div>\n        <\/a>\n    <\/div>\n    <div class=\"bsp-pc_push\"> <a href=\"\/en\/rolex\/day-date\/\">\n            <picture>\n                <source\n                    srcset=\"https:\/\/d29lyl02lvyvgt.cloudfront.net\/bspv7\/collections\/hub\/landscape\/rolex-watches-day-date.webp\"\n                    media=\"(min-width:769px)\">\n                <source\n                    srcset=\"https:\/\/d29lyl02lvyvgt.cloudfront.net\/bspv7\/collections\/hub\/portrait\/rolex-watches-day-date-portrait.webp\"\n                    media=\"(max-width:768px)\"> <img decoding=\"async\" class=\"bsp-pc_push_asset\" src=\"https:\/\/d29lyl02lvyvgt.cloudfront.net\/bspv7\/collections\/hub\/portrait\/rolex-watches-day-date-portrait.webp\" alt=\"Rolex watches in Paris - Godechot Pauliet\" loading=\"lazy\" title=\"- Godechot Pauliet\">\n            <\/picture>\n            <div class=\"bsp-pc_push_txtwrapper\">\n                <div class=\"fixed16 bold\"> Rolex <\/div>\n                <h3 class=\"body24 bold\"> Day-Date <\/h3>\n            <\/div>\n        <\/a>\n    <\/div>\n        <div class=\"bsp-pc_push\"> <a href=\"\/en\/rolex\/sky-dweller\/\">\n            <picture>\n                <source\n                    srcset=\"https:\/\/d29lyl02lvyvgt.cloudfront.net\/bspv7\/collections\/hub\/landscape\/rolex-watches-sky-dweller.webp\"\n                    media=\"(min-width:769px)\">\n                <source\n                    srcset=\"https:\/\/d29lyl02lvyvgt.cloudfront.net\/bspv7\/collections\/hub\/portrait\/rolex-watches-sky-dweller-portrait.webp\"\n                    media=\"(max-width:768px)\"> <img decoding=\"async\" class=\"bsp-pc_push_asset\" src=\"https:\/\/d29lyl02lvyvgt.cloudfront.net\/bspv7\/collections\/hub\/portrait\/rolex-watches-sky-dweller-portrait.webp\" alt=\"Rolex watches in Paris - Godechot Pauliet\" loading=\"lazy\" title=\"- Godechot Pauliet\">\n            <\/picture>\n            <div class=\"bsp-pc_push_txtwrapper\">\n                <div class=\"fixed16 bold\">Rolex<\/div>\n                <h3 class=\"body24 bold\">Sky-Dweller<\/h3>\n            <\/div>\n        <\/a>\n    <\/div>\n\n    <div class=\"bsp-pc_push\"> <a href=\"\/en\/rolex\/lady-datejust\/\">\n            <picture>\n                <source\n                    srcset=\"https:\/\/d29lyl02lvyvgt.cloudfront.net\/bspv7\/collections\/hub\/landscape\/rolex-watches-lady-datejust.webp\"\n                    media=\"(min-width:769px)\">\n                <source\n                    srcset=\"https:\/\/d29lyl02lvyvgt.cloudfront.net\/bspv7\/collections\/hub\/portrait\/rolex-watches-lady-datejust-portrait.webp\"\n                    media=\"(max-width:768px)\"> <img decoding=\"async\" class=\"bsp-pc_push_asset\" src=\"https:\/\/d29lyl02lvyvgt.cloudfront.net\/bspv7\/collections\/hub\/portrait\/rolex-watches-lady-datejust-portrait.webp\" alt=\"Rolex watches in Paris - Godechot Pauliet\" loading=\"lazy\" title=\"- Godechot Pauliet\">\n            <\/picture>\n            <div class=\"bsp-pc_push_txtwrapper\">\n                <div class=\"fixed16 bold\">Rolex<\/div>\n                <h3 class=\"body24 bold\">Lady-Datejust<\/h3>\n            <\/div>\n        <\/a>\n    <\/div>\n    <div class=\"bsp-pc_push\"> <a href=\"\/en\/rolex\/datejust\/\">\n            <picture>\n                <source\n                    srcset=\"https:\/\/d29lyl02lvyvgt.cloudfront.net\/bspv7\/collections\/hub\/landscape\/rolex-watches-datejust.webp\"\n                    media=\"(min-width:769px)\">\n                <source\n                    srcset=\"https:\/\/d29lyl02lvyvgt.cloudfront.net\/bspv7\/collections\/hub\/portrait\/rolex-watches-datejust-portrait.webp\"\n                    media=\"(max-width:768px)\"> <img decoding=\"async\" class=\"bsp-pc_push_asset\" src=\"https:\/\/d29lyl02lvyvgt.cloudfront.net\/bspv7\/collections\/hub\/portrait\/rolex-watches-datejust-portrait.webp\" alt=\"Rolex watches in Paris - Godechot Pauliet\" loading=\"lazy\" title=\"- Godechot Pauliet\">\n            <\/picture>\n            <div class=\"bsp-pc_push_txtwrapper\">\n                <div class=\"fixed16 bold\">Rolex<\/div>\n                <h3 class=\"body24 bold\">Datejust<\/h3>\n            <\/div>\n        <\/a>\n    <\/div>\n    <div class=\"bsp-pc_push\"> <a href=\"\/en\/rolex\/oyster-perpetual\/\">\n            <picture>\n                <source\n                    srcset=\"https:\/\/d29lyl02lvyvgt.cloudfront.net\/bspv7\/collections\/hub\/landscape\/rolex-watches-oyster-perpetual.webp\"\n                    media=\"(min-width:769px)\">\n                <source\n                    srcset=\"https:\/\/d29lyl02lvyvgt.cloudfront.net\/bspv7\/collections\/hub\/portrait\/rolex-watches-oyster-perpetual-portrait.webp\"\n                    media=\"(max-width:768px)\"> <img decoding=\"async\" class=\"bsp-pc_push_asset\" src=\"https:\/\/d29lyl02lvyvgt.cloudfront.net\/bspv7\/collections\/hub\/portrait\/rolex-watches-oyster-perpetual-portrait.webp\" alt=\"Rolex watches in Paris - Godechot Pauliet\" loading=\"lazy\" title=\"- Godechot Pauliet\">\n            <\/picture>\n            <div class=\"bsp-pc_push_txtwrapper\">\n                <div class=\"fixed16 bold\">Rolex<\/div>\n                <h3 class=\"body24 bold\">Oyster Perpetual<\/h3>\n            <\/div>\n        <\/a>\n    <\/div>\n<\/section>\n<section class=\"bsp-pc bg-bsp-lightbeige bsp-pc_grid pt-0\">\n    <h2 class=\"headline36 pb-20 main-title bold\"> Professional Watches <\/h2>\n    <div class=\"bsp-pc_push\"> <a href=\"\/en\/rolex\/cosmograph-daytona\/\">\n            <picture>\n                <source\n                    srcset=\"https:\/\/d29lyl02lvyvgt.cloudfront.net\/bspv7\/collections\/hub\/landscape\/rolex-watches-cosmograph-daytona.webp\"\n                    media=\"(min-width:769px)\">\n                <source\n                    srcset=\"https:\/\/d29lyl02lvyvgt.cloudfront.net\/bspv7\/collections\/hub\/portrait\/rolex-watches-cosmograph-daytona-portrait.webp\"\n                    media=\"(max-width:768px)\"> <img decoding=\"async\" class=\"bsp-pc_push_asset\" src=\"https:\/\/d29lyl02lvyvgt.cloudfront.net\/bspv7\/collections\/hub\/portrait\/rolex-watches-cosmograph-daytona-portrait.webp\" alt=\"Rolex watches in Paris - Godechot Pauliet\" loading=\"lazy\" title=\"- Godechot Pauliet\">\n            <\/picture>\n            <div class=\"bsp-pc_push_txtwrapper\">\n                <div class=\"fixed16 bold\">Rolex<\/div>\n                <h3 class=\"body24 bold\">Cosmograph Daytona<\/h3>\n            <\/div>\n        <\/a>\n    <\/div>\n    <div class=\"bsp-pc_push\"> <a href=\"\/en\/rolex\/submariner\/\">\n            <picture>\n                <source\n                    srcset=\"https:\/\/d29lyl02lvyvgt.cloudfront.net\/bspv7\/collections\/hub\/landscape\/rolex-watches-submariner.webp\"\n                    media=\"(min-width:769px)\">\n                <source\n                    srcset=\"https:\/\/d29lyl02lvyvgt.cloudfront.net\/bspv7\/collections\/hub\/portrait\/rolex-watches-submariner-portrait.webp\"\n                    media=\"(max-width:768px)\"> <img decoding=\"async\" class=\"bsp-pc_push_asset\" src=\"https:\/\/d29lyl02lvyvgt.cloudfront.net\/bspv7\/collections\/hub\/portrait\/rolex-watches-submariner-portrait.webp\" alt=\"Rolex watches in Paris - Godechot Pauliet\" loading=\"lazy\" title=\"- Godechot Pauliet\">\n            <\/picture>\n            <div class=\"bsp-pc_push_txtwrapper\">\n                <div class=\"fixed16 bold\">Rolex<\/div>\n                <h3 class=\"body24 bold\">Submariner<\/h3>\n            <\/div>\n        <\/a>\n    <\/div>\n    <div class=\"bsp-pc_push\"> <a href=\"\/en\/rolex\/sea-dweller\/\">\n            <picture>\n                <source\n                    srcset=\"https:\/\/d29lyl02lvyvgt.cloudfront.net\/bspv7\/collections\/hub\/landscape\/rolex-watches-sea-dweller.webp\"\n                    media=\"(min-width:769px)\">\n                <source\n                    srcset=\"https:\/\/d29lyl02lvyvgt.cloudfront.net\/bspv7\/collections\/hub\/portrait\/rolex-watches-sea-dweller-portrait.webp\"\n                    media=\"(max-width:768px)\"> <img decoding=\"async\" class=\"bsp-pc_push_asset\" src=\"https:\/\/d29lyl02lvyvgt.cloudfront.net\/bspv7\/collections\/hub\/portrait\/rolex-watches-sea-dweller-portrait.webp\" alt=\"Rolex watches in Paris - Godechot Pauliet\" loading=\"lazy\" title=\"- Godechot Pauliet\">\n            <\/picture>\n            <div class=\"bsp-pc_push_txtwrapper\">\n                <div class=\"fixed16 bold\">Rolex<\/div>\n                <h3 class=\"body24 bold\">Sea-Dweller<\/h3>\n            <\/div>\n        <\/a>\n    <\/div>\n    <div class=\"bsp-pc_push\"> <a href=\"\/en\/rolex\/deepsea\/\">\n            <picture>\n                <source srcset=\"https:\/\/d29lyl02lvyvgt.cloudfront.net\/bspv7\/collections\/hub\/landscape\/rolex-watches-deepsea.webp\"\n                    media=\"(min-width:769px)\">\n                <source\n                    srcset=\"https:\/\/d29lyl02lvyvgt.cloudfront.net\/bspv7\/collections\/hub\/portrait\/rolex-watches-deepsea-portrait.webp\"\n                    media=\"(max-width:768px)\"> <img decoding=\"async\" class=\"bsp-pc_push_asset\" src=\"https:\/\/d29lyl02lvyvgt.cloudfront.net\/bspv7\/collections\/hub\/portrait\/rolex-watches-deepsea-portrait.webp\" alt=\"Rolex watches in Paris - Godechot Pauliet\" loading=\"lazy\" title=\"- Godechot Pauliet\">\n            <\/picture>\n            <div class=\"bsp-pc_push_txtwrapper\">\n                <div class=\"fixed16 bold\">Rolex<\/div>\n                <h3 class=\"body24 bold\">Deepsea<\/h3>\n            <\/div>\n        <\/a>\n    <\/div>\n    <div class=\"bsp-pc_push\"> <a href=\"\/en\/rolex\/gmt-master-ii\/\">\n            <picture>\n                <source\n                    srcset=\"https:\/\/d29lyl02lvyvgt.cloudfront.net\/bspv7\/collections\/hub\/landscape\/rolex-watches-gmt-master-II.webp\"\n                    media=\"(min-width:769px)\">\n                <source\n                    srcset=\"https:\/\/d29lyl02lvyvgt.cloudfront.net\/bspv7\/collections\/hub\/portrait\/rolex-watches-gmt-master-ii-portrait.webp\"\n                    media=\"(max-width:768px)\"> <img decoding=\"async\" class=\"bsp-pc_push_asset\" src=\"https:\/\/d29lyl02lvyvgt.cloudfront.net\/bspv7\/collections\/hub\/portrait\/rolex-watches-gmt-master-ii-portrait.webp\" alt=\"Rolex watches in Paris - Godechot Pauliet\" loading=\"lazy\" title=\"- Godechot Pauliet\">\n            <\/picture>\n            <div class=\"bsp-pc_push_txtwrapper\">\n                <div class=\"fixed16 bold\">Rolex<\/div>\n                <h3 class=\"body24 bold\">GMT-Master II<\/h3>\n            <\/div>\n        <\/a>\n    <\/div>\n    <div class=\"bsp-pc_push\"> <a href=\"\/en\/rolex\/yacht-master\/\">\n            <picture>\n                <source\n                    srcset=\"https:\/\/d29lyl02lvyvgt.cloudfront.net\/bspv7\/collections\/hub\/landscape\/rolex-watches-yacht-master.webp\"\n                    media=\"(min-width:769px)\">\n                <source\n                    srcset=\"https:\/\/d29lyl02lvyvgt.cloudfront.net\/bspv7\/collections\/hub\/portrait\/rolex-watches-yacht-master-portrait.webp\"\n                    media=\"(max-width:768px)\"> <img decoding=\"async\" class=\"bsp-pc_push_asset\" src=\"https:\/\/d29lyl02lvyvgt.cloudfront.net\/bspv7\/collections\/hub\/portrait\/rolex-watches-yacht-master-portrait.webp\" alt=\"Rolex watches in Paris - Godechot Pauliet\" loading=\"lazy\" title=\"- Godechot Pauliet\">\n            <\/picture>\n            <div class=\"bsp-pc_push_txtwrapper\">\n                <div class=\"fixed16 bold\">Rolex<\/div>\n                <h3 class=\"body24 bold\">Yacht-Master<\/h3>\n            <\/div>\n        <\/a>\n    <\/div>\n    <div class=\"bsp-pc_push\"> <a href=\"\/en\/rolex\/explorer\/\">\n            <picture>\n                <source\n                    srcset=\"https:\/\/d29lyl02lvyvgt.cloudfront.net\/bspv7\/collections\/hub\/landscape\/rolex-watches-explorer-m124273-0001_2210jva_001.webp\"\n                    media=\"(min-width:769px)\">\n                <source\n                    srcset=\"https:\/\/d29lyl02lvyvgt.cloudfront.net\/bspv7\/collections\/hub\/portrait\/rolex-watches-explorer-m124273-0001_2210jva_001-portrait.webp\"\n                    media=\"(max-width:768px)\"> <img decoding=\"async\" class=\"bsp-pc_push_asset\" src=\"https:\/\/d29lyl02lvyvgt.cloudfront.net\/bspv7\/collections\/hub\/portrait\/rolex-watches-explorer-portrait.webp\" alt=\"Rolex watches in Paris - Godechot Pauliet\" loading=\"lazy\" title=\"- Godechot Pauliet\">\n            <\/picture>\n            <div class=\"bsp-pc_push_txtwrapper\">\n                <div class=\"fixed16 bold\">Rolex<\/div>\n                <h3 class=\"body24 bold\">Discover<\/h3>\n            <\/div>\n        <\/a>\n    <\/div>\n    <div class=\"bsp-pc_push\"> <a href=\"\/en\/rolex\/air-king\/\">\n            <picture>\n                <source\n                    srcset=\"https:\/\/d29lyl02lvyvgt.cloudfront.net\/bspv7\/collections\/hub\/landscape\/rolex-watches-air-king.webp\"\n                    media=\"(min-width:769px)\">\n                <source\n                    srcset=\"https:\/\/d29lyl02lvyvgt.cloudfront.net\/bspv7\/collections\/hub\/portrait\/rolex-watches-air-king-portrait.webp\"\n                    media=\"(max-width:768px)\"> <img decoding=\"async\" class=\"bsp-pc_push_asset\" src=\"https:\/\/d29lyl02lvyvgt.cloudfront.net\/bspv7\/collections\/hub\/portrait\/rolex-watches-air-king-portrait.webp\" alt=\"Rolex watches in Paris - Godechot Pauliet\" loading=\"lazy\" title=\"- Godechot Pauliet\">\n            <\/picture>\n            <div class=\"bsp-pc_push_txtwrapper\">\n                <div class=\"fixed16 bold\">Rolex<\/div>\n                <h3 class=\"body24 bold\">Air-King<\/h3>\n            <\/div>\n        <\/a>\n    <\/div>\n<\/section>\n\n\n\n<section class=\"bsp-pc bg-bsp-lightbeige bsp-pc_grid pt-0\">\n    <h2 class=\"headline36 pb-20 main-title bold\"> Perpetual <\/h2>\n    <div class=\"bsp-pc_push\"> <a href=\"\/en\/rolex\/1908\/\">\n            <picture>\n                <source srcset=\"https:\/\/d29lyl02lvyvgt.cloudfront.net\/bspv7\/collections\/hub\/landscape\/rolex-watches-1908.webp\"\n                    media=\"(min-width:769px)\">\n                <source\n                    srcset=\"https:\/\/d29lyl02lvyvgt.cloudfront.net\/bspv7\/collections\/hub\/portrait\/rolex-watches-1908-portrait.webp\"\n                    media=\"(max-width:768px)\"> <img decoding=\"async\" class=\"bsp-pc_push_asset\" src=\"https:\/\/d29lyl02lvyvgt.cloudfront.net\/bspv7\/collections\/hub\/portrait\/rolex-watches-1908-portrait.webp\" alt=\"Rolex watches in Paris - Godechot Pauliet\" loading=\"lazy\" title=\"- Godechot Pauliet\">\n            <\/picture>\n            <div class=\"bsp-pc_push_txtwrapper\">\n                <div class=\"fixed16 bold\">Rolex<\/div>\n                <h3 class=\"body24 bold\">1908<\/h3>\n            <\/div>\n        <\/a>\n    <\/div>\n<\/section>\n<section class=\"bsp-pc bsp-pc_1 pt-0 bg-bsp-lightbeige\">\n  <div class=\"bsp-pc_push\">\n    <a href=\"\/en\/rolex-certified-pre-owned\/\">\n      <picture>\n        <source srcset=\"https:\/\/d29lyl02lvyvgt.cloudfront.net\/bspv7\/collections\/hub\/landscape\/bespoke-rcpo-cta-landscape.webp\" media=\"(min-width:769px)\">\n        <source srcset=\"https:\/\/d29lyl02lvyvgt.cloudfront.net\/bspv7\/collections\/hub\/portrait\/bespoke-rcpo-cta-portrait.webp\" media=\"(max-width:768px)\">\n        <img class=\"bsp-pc_push_asset fade-in\" alt=\"\" loading=\"lazy\">\n      <\/picture>\n      <div class=\"bsp-pc_push_txtwrapper\">\n        <div class=\"fixed16 bold\">Second-hand, new life<\/div>\n        <h2 class=\"pt-0 pb-0 headline36 bold\">Rolex Certified Pre-Owned at Godechot Pauliet<\/h2>\n        <div class=\"fixed14 bold bsp-sec-cta mt-5\">Discover our selection &gt;<\/div>\n      <\/div>\n    <\/a>\n  <\/div>\n<\/section>\n<script type=\"text\/javascript\">\n    var digitalDataLayer = {\n        environment: { environmentVersion: \"V7\", coBrandedVersion: \"Bespoke\", },\n        page: { pageType: 'collection page' }\n    };\n<\/script>\n\n\n\n<p><\/p>","protected":false},"excerpt":{"rendered":"<p>\u2039 Godechot Pauliet \u203a Montres Rolex Montres Rolex chez Godechot Pauliet \u00e0 Paris Les mod\u00e8les Rolex pr\u00e9sent\u00e9s ci-dessous proviennent du catalogue officiel et ne sont pas repr\u00e9sentatifs de la disponibilit\u00e9 de notre stock. Pour tout renseignement concernant la montre de votre choix, veuillez nous contacter. Nouveaux mod\u00e8les 2026 Nouveaux mod\u00e8les 2026 \u00c0 l\u2019origine d\u2019un monde&#8230;<\/p>","protected":false},"author":6,"featured_media":159407,"parent":158741,"menu_order":0,"comment_status":"closed","ping_status":"closed","template":"template-static-bsp.php","meta":{"_acf_changed":false,"_tbt_post_transparent":"","_tbt_post_title":"","_tbt_post_layout":"","_tbt_post_sidebar_id":"","_tbt_post_content_style":"","_tbt_post_vertical_padding":"","_tbt_post_feature":"","_tbt_post_feature_position":"","_tbt_post_header":false,"_tbt_post_footer":false,"footnotes":""},"class_list":["post-158214","page","type-page","status-publish","has-post-thumbnail","hentry"],"acf":[],"_links":{"self":[{"href":"https:\/\/www.godechot-pauliet.com\/en\/wp-json\/wp\/v2\/pages\/158214","targetHints":{"allow":["GET"]}}],"collection":[{"href":"https:\/\/www.godechot-pauliet.com\/en\/wp-json\/wp\/v2\/pages"}],"about":[{"href":"https:\/\/www.godechot-pauliet.com\/en\/wp-json\/wp\/v2\/types\/page"}],"author":[{"embeddable":true,"href":"https:\/\/www.godechot-pauliet.com\/en\/wp-json\/wp\/v2\/users\/6"}],"replies":[{"embeddable":true,"href":"https:\/\/www.godechot-pauliet.com\/en\/wp-json\/wp\/v2\/comments?post=158214"}],"version-history":[{"count":2,"href":"https:\/\/www.godechot-pauliet.com\/en\/wp-json\/wp\/v2\/pages\/158214\/revisions"}],"predecessor-version":[{"id":177146,"href":"https:\/\/www.godechot-pauliet.com\/en\/wp-json\/wp\/v2\/pages\/158214\/revisions\/177146"}],"up":[{"embeddable":true,"href":"https:\/\/www.godechot-pauliet.com\/en\/wp-json\/wp\/v2\/pages\/158741"}],"wp:featuredmedia":[{"embeddable":true,"href":"https:\/\/www.godechot-pauliet.com\/en\/wp-json\/wp\/v2\/media\/159407"}],"wp:attachment":[{"href":"https:\/\/www.godechot-pauliet.com\/en\/wp-json\/wp\/v2\/media?parent=158214"}],"curies":[{"name":"wp","href":"https:\/\/api.w.org\/{rel}","templated":true}]}}